{"id":1187,"date":"2021-04-27T09:54:49","date_gmt":"2021-04-27T07:54:49","guid":{"rendered":"http:\/\/www.rikaderyckere.com\/blog\/?page_id=1187"},"modified":"2021-04-27T09:54:49","modified_gmt":"2021-04-27T07:54:49","slug":"paysages","status":"publish","type":"page","link":"https:\/\/www.rikaderyckere.com\/blog\/?page_id=1187","title":{"rendered":"Paysages"},"content":{"rendered":"\n<p>Mon travail consiste de peintures, de dessins et de gravures. D\u2019apr\u00e8s le corps humain et de paysages. D\u2019apr\u00e8s nature et des finitions \u00e0 l\u2019atelier.<\/p>\n\n\n\n<p>Il suffit de booster mon moral en me disant que tant que la beaut\u00e9 existe tout ira bien. Mais il m\u2019a fallu de longues ann\u00e9es pour accepter le challenge de choisir le th\u00e8me d\u2019apr\u00e8s nature. Pour me lib\u00e9rer de l\u2019id\u00e9e que le paysage est consid\u00e9r\u00e9 d\u00e9mod\u00e9, du dimanche, pas contemporain. Mais regarder plut\u00f4t les oeuvres de Bioul\u00e8s, de Hockney, de Kiefer, des gravures de Kreienb\u00fcgl et un nombre grandissant de cr\u00e9ateurs, jeune et bien pr\u00e9sent. Ce qui m\u2019as encourager de cr\u00e9e d\u2019apr\u00e8s nature sur le vif, sinon construit dans mon atelier d\u2019apr\u00e8s mes croquis.<\/p>\n\n\n\n<figure class=\"wp-block-image size-large\"><img loading=\"lazy\" decoding=\"async\" width=\"1024\" height=\"871\" src=\"http:\/\/www.rikaderyckere.com\/blog\/wp-content\/uploads\/2021\/04\/IMG_4817wbf-1-1024x871.jpg\" alt=\"\" class=\"wp-image-1189\" srcset=\"https:\/\/www.rikaderyckere.com\/blog\/wp-content\/uploads\/2021\/04\/IMG_4817wbf-1-1024x871.jpg 1024w, https:\/\/www.rikaderyckere.com\/blog\/wp-content\/uploads\/2021\/04\/IMG_4817wbf-1-300x255.jpg 300w, https:\/\/www.rikaderyckere.com\/blog\/wp-content\/uploads\/2021\/04\/IMG_4817wbf-1-768x654.jpg 768w, https:\/\/www.rikaderyckere.com\/blog\/wp-content\/uploads\/2021\/04\/IMG_4817wbf-1.jpg 1175w\" sizes=\"auto, (max-width: 1024px) 100vw, 1024px\" \/><\/figure>\n\n\n\n<p>   Formations de roches dans la mer de rocher \u00e0 Sauve. Huile sur toile &#8217;21<\/p>\n\n\n\n<figure class=\"wp-block-image size-large\"><img loading=\"lazy\" decoding=\"async\" width=\"1024\" height=\"768\" src=\"http:\/\/www.rikaderyckere.com\/blog\/wp-content\/uploads\/2021\/04\/IMG_4670wbf-1024x768.jpg\" alt=\"\" class=\"wp-image-1190\" srcset=\"https:\/\/www.rikaderyckere.com\/blog\/wp-content\/uploads\/2021\/04\/IMG_4670wbf-1024x768.jpg 1024w, https:\/\/www.rikaderyckere.com\/blog\/wp-content\/uploads\/2021\/04\/IMG_4670wbf-300x225.jpg 300w, https:\/\/www.rikaderyckere.com\/blog\/wp-content\/uploads\/2021\/04\/IMG_4670wbf-768x576.jpg 768w, https:\/\/www.rikaderyckere.com\/blog\/wp-content\/uploads\/2021\/04\/IMG_4670wbf.jpg 1067w\" sizes=\"auto, (max-width: 1024px) 100vw, 1024px\" \/><figcaption>Gravure \/ au forte et sucre. Realis\u00e9 au 8BIS \u00e0 Roquemaure &#8217;21<\/figcaption><\/figure>\n\n\n\n<figure class=\"wp-block-image size-large\"><img loading=\"lazy\" decoding=\"async\" width=\"627\" height=\"700\" src=\"http:\/\/www.rikaderyckere.com\/blog\/wp-content\/uploads\/2021\/04\/IMG_4787wbf.jpg\" alt=\"\" class=\"wp-image-1191\" srcset=\"https:\/\/www.rikaderyckere.com\/blog\/wp-content\/uploads\/2021\/04\/IMG_4787wbf.jpg 627w, https:\/\/www.rikaderyckere.com\/blog\/wp-content\/uploads\/2021\/04\/IMG_4787wbf-269x300.jpg 269w\" sizes=\"auto, (max-width: 627px) 100vw, 627px\" \/><figcaption>Rocher de st Roman, pastel &#8217;21<\/figcaption><\/figure>\n","protected":false},"excerpt":{"rendered":"<p>Mon travail consiste de peintures, de dessins et de gravures. D\u2019apr\u00e8s le corps humain et de paysages. D\u2019apr\u00e8s nature et des finitions \u00e0 l\u2019atelier. Il suffit de booster mon moral en me disant que tant que la beaut\u00e9 existe tout ira bien. Mais il m\u2019a fallu de longues ann\u00e9es pour accepter le challenge de choisir &hellip; <a href=\"https:\/\/www.rikaderyckere.com\/blog\/?page_id=1187\" class=\"more-link\">Continue reading <span class=\"meta-nav\">&rarr;<\/span><\/a><\/p>\n","protected":false},"author":1,"featured_media":0,"parent":0,"menu_order":0,"comment_status":"closed","ping_status":"closed","template":"","meta":{"footnotes":""},"class_list":["post-1187","page","type-page","status-publish","hentry"],"_links":{"self":[{"href":"https:\/\/www.rikaderyckere.com\/blog\/index.php?rest_route=\/wp\/v2\/pages\/1187","targetHints":{"allow":["GET"]}}],"collection":[{"href":"https:\/\/www.rikaderyckere.com\/blog\/index.php?rest_route=\/wp\/v2\/pages"}],"about":[{"href":"https:\/\/www.rikaderyckere.com\/blog\/index.php?rest_route=\/wp\/v2\/types\/page"}],"author":[{"embeddable":true,"href":"https:\/\/www.rikaderyckere.com\/blog\/index.php?rest_route=\/wp\/v2\/users\/1"}],"replies":[{"embeddable":true,"href":"https:\/\/www.rikaderyckere.com\/blog\/index.php?rest_route=%2Fwp%2Fv2%2Fcomments&post=1187"}],"version-history":[{"count":1,"href":"https:\/\/www.rikaderyckere.com\/blog\/index.php?rest_route=\/wp\/v2\/pages\/1187\/revisions"}],"predecessor-version":[{"id":1193,"href":"https:\/\/www.rikaderyckere.com\/blog\/index.php?rest_route=\/wp\/v2\/pages\/1187\/revisions\/1193"}],"wp:attachment":[{"href":"https:\/\/www.rikaderyckere.com\/blog\/index.php?rest_route=%2Fwp%2Fv2%2Fmedia&parent=1187"}],"curies":[{"name":"wp","href":"https:\/\/api.w.org\/{rel}","templated":true}]}}