{"id":1023,"date":"2020-05-12T16:01:18","date_gmt":"2020-05-12T14:01:18","guid":{"rendered":"http:\/\/www.rikaderyckere.com\/blog\/?page_id=1023"},"modified":"2020-07-11T15:40:41","modified_gmt":"2020-07-11T13:40:41","slug":"summertime","status":"publish","type":"page","link":"https:\/\/www.rikaderyckere.com\/blog\/?page_id=1023","title":{"rendered":"SUMMERTIME"},"content":{"rendered":"\n<p><strong>AUTOUR DE LA TABLE<\/strong><\/p>\n\n\n\n<p>Exposition des artistes permanent de <strong>Galerie Vidourle<\/strong> \u00e0 Sauve<\/p>\n\n\n\n<p>Du 15Mai au 20 Novembre 2020<\/p>\n\n\n\n<p>Via les r\u00e9seaux&nbsp;sociaux : FB, Twitter et Instagram..<\/p>\n\n\n\n<p>Modification des horaires d&#8217;ouverture : tous les jours sur rdv sur appel t\u00e9l\u00e9phonique :<\/p>\n\n\n\n<p>T\u00e9l: 0668915396<\/p>\n\n\n\n<p>Nos tableaux dans le site de vente <a href=\"http:\/\/ETSY.COM\">ETSY.COM<\/a> : e-shop Etsy <a href=\"http:\/\/etsy.me\/%C3%A9ypgTgk\">http:\/\/etsy.me\/\u00e9ypgTgk<\/a> Galerie Vidourle Prix.&nbsp;<\/p>\n\n\n\n<figure class=\"wp-block-image size-large\"><img loading=\"lazy\" decoding=\"async\" width=\"750\" height=\"750\" src=\"http:\/\/www.rikaderyckere.com\/blog\/wp-content\/uploads\/2020\/05\/96712305_2589598964617332_2614385612853084160_n.jpg\" alt=\"\" class=\"wp-image-1024\" srcset=\"https:\/\/www.rikaderyckere.com\/blog\/wp-content\/uploads\/2020\/05\/96712305_2589598964617332_2614385612853084160_n.jpg 750w, https:\/\/www.rikaderyckere.com\/blog\/wp-content\/uploads\/2020\/05\/96712305_2589598964617332_2614385612853084160_n-300x300.jpg 300w, https:\/\/www.rikaderyckere.com\/blog\/wp-content\/uploads\/2020\/05\/96712305_2589598964617332_2614385612853084160_n-150x150.jpg 150w\" sizes=\"auto, (max-width: 750px) 100vw, 750px\" \/><figcaption>Plaque 28cmx31cm \u2013 papier 31cmx50cm<br>Titre : N\u00b016 \/ Motifs d\u2019impression autour de la table (Veggie patterns en anglais)<br>Technique: Linogravure \/ 2 passages et 2 superposition couleurs &#8211; encre Aqua-Linol<br>Sur buvard blanc pur 120gr<br><a href=\"https:\/\/www.facebook.com\/hashtag\/exhibition?epa=HASHTAG\">#exhibition<\/a> \u00e9t\u00e9 2020 \u201cautour de la table\u201d de mai \u00e0 novembre. ** Interested to get this piece &#8211; please contact by DM ** galerievidourle@gmail.com<\/figcaption><\/figure>\n\n\n\n<p><strong>ARTPAGE \u00e0 OCTON, Association PARC &amp; village des Arts et M\u00e9tiers,<\/strong><\/p>\n\n\n\n<p>Ce projet n&#8217;est que rapport\u00e9 &#8211; pas abandonn\u00e9.<\/p>\n\n\n\n<p><strong>Maison Gramont<\/strong> \/ rapport\u00e9 pour moi en 2021<\/p>\n\n\n\n<p>Place des Halles 11270 Fanjeaux <a href=\"http:\/\/www.art-fanjeaux.fr\">www.art-fanjeaux.fr<\/a><\/p>\n\n\n\n<p>Tlj de 15 \u00e0 19h. Du 20 juin au 20 septembre 2020<strong><\/strong><\/p>\n\n\n\n<p><strong>Festival &#8220;Cours &amp; Jardins des Arts&#8221;<\/strong><\/p>\n\n\n\n<p>\u00e0 Vers-Pont-du-Gard<\/p>\n\n\n\n<p>Les 18 et 19 juillet 2020<\/p>\n\n\n\n<p><strong>LES ARBRES<\/strong><\/p>\n\n\n\n<p>Exposition collective<\/p>\n\n\n\n<p>Petit Temple de Ganges<\/p>\n\n\n\n<p>En septembre 2020 rapport\u00e9 pour 2021<\/p>\n\n\n\n<p><strong><em>Oeuvres en permanence:<\/em><\/strong><\/p>\n\n\n\n<p>Mus\u00e9e de la soie et L&#8217;Atelier chez Marte \u00e0 St Hippolyte du Fort.<\/p>\n\n\n\n<p>Galerie Vidourle \u00e0 Sauve.<\/p>\n","protected":false},"excerpt":{"rendered":"<p>AUTOUR DE LA TABLE Exposition des artistes permanent de Galerie Vidourle \u00e0 Sauve Du 15Mai au 20 Novembre 2020 Via les r\u00e9seaux&nbsp;sociaux : FB, Twitter et Instagram.. Modification des horaires d&#8217;ouverture : tous les jours sur rdv sur appel t\u00e9l\u00e9phonique : T\u00e9l: 0668915396 Nos tableaux dans le site de vente ETSY.COM : e-shop Etsy http:\/\/etsy.me\/\u00e9ypgTgk &hellip; <a href=\"https:\/\/www.rikaderyckere.com\/blog\/?page_id=1023\" class=\"more-link\">Continue reading <span class=\"meta-nav\">&rarr;<\/span><\/a><\/p>\n","protected":false},"author":1,"featured_media":0,"parent":0,"menu_order":0,"comment_status":"closed","ping_status":"closed","template":"","meta":{"footnotes":""},"class_list":["post-1023","page","type-page","status-publish","hentry"],"_links":{"self":[{"href":"https:\/\/www.rikaderyckere.com\/blog\/index.php?rest_route=\/wp\/v2\/pages\/1023","targetHints":{"allow":["GET"]}}],"collection":[{"href":"https:\/\/www.rikaderyckere.com\/blog\/index.php?rest_route=\/wp\/v2\/pages"}],"about":[{"href":"https:\/\/www.rikaderyckere.com\/blog\/index.php?rest_route=\/wp\/v2\/types\/page"}],"author":[{"embeddable":true,"href":"https:\/\/www.rikaderyckere.com\/blog\/index.php?rest_route=\/wp\/v2\/users\/1"}],"replies":[{"embeddable":true,"href":"https:\/\/www.rikaderyckere.com\/blog\/index.php?rest_route=%2Fwp%2Fv2%2Fcomments&post=1023"}],"version-history":[{"count":2,"href":"https:\/\/www.rikaderyckere.com\/blog\/index.php?rest_route=\/wp\/v2\/pages\/1023\/revisions"}],"predecessor-version":[{"id":1089,"href":"https:\/\/www.rikaderyckere.com\/blog\/index.php?rest_route=\/wp\/v2\/pages\/1023\/revisions\/1089"}],"wp:attachment":[{"href":"https:\/\/www.rikaderyckere.com\/blog\/index.php?rest_route=%2Fwp%2Fv2%2Fmedia&parent=1023"}],"curies":[{"name":"wp","href":"https:\/\/api.w.org\/{rel}","templated":true}]}}